{"id":35851,"date":"2024-01-19T20:08:36","date_gmt":"2024-01-19T19:08:36","guid":{"rendered":"https:\/\/moonwires.com\/?post_type=product&#038;p=35851"},"modified":"2024-04-19T20:57:27","modified_gmt":"2024-04-19T18:57:27","slug":"cable-xlr-ultra-pro-haut-de-gamme-cepheus-copy-copy","status":"publish","type":"product","link":"https:\/\/moonwires.com\/fr\/produit\/cable-xlr-ultra-pro-haut-de-gamme-cepheus-copy-copy\/","title":{"rendered":"AB-TECH &#8211; KLAR C\u00e2ble USB avec isolateur galvanique"},"content":{"rendered":"<p>Ce c\u00e2ble USB 2.0 \u00e0 haut vitesse avec son isolateur galvanique ne fait pas seulement office de filtre, mais isole totalement le signal, l&rsquo;alimentation et la terre de mani\u00e8re galvanique. Ce qui signifie que tous les bruits parasites sont \u00e9limin\u00e9s afin de permettre la transmission du seul signal num\u00e9rique.<\/p>\n<p>Le bo\u00eetier en aluminium est usin\u00e9 \u00e0 partir de deux pi\u00e8ces massives d&rsquo;aluminium amagn\u00e9tique de haute qualit\u00e9, sp\u00e9cialement con\u00e7ues pour \u00e9viter toutes interf\u00e9rences. L&rsquo;isolateur galvanique est mont\u00e9 de mani\u00e8re \u00e0 \u00eatre m\u00e9caniquement isol\u00e9 de toutes vibrations. Les connecteurs sont plaqu\u00e9s or de haute qualit\u00e9 pour assurer une bonne connexion.<\/p>\n<p>Le c\u00e2ble est fabriqu\u00e9 avec de fils de cuivre \u00e9tam\u00e9 de haute qualit\u00e9, une paire torsad\u00e9e pour le signal et deux fils s\u00e9par\u00e9s pour l&rsquo;alimentation. Le blindage est r\u00e9alis\u00e9 avec du mylar d&rsquo;aluminium et une tresse de cuivre \u00e9tam\u00e9. Le tout est ensuite recouvert d&rsquo;un mat\u00e9riau thermoplastique sp\u00e9cial, le tout envelopp\u00e9 dans un manchon r\u00e9ducteur de bruit r\u00e9pondant aux standards de l&rsquo;a\u00e9rospatiale. Cela permet d&rsquo;obtenir une finition luxueuse du c\u00e2ble dans son ensemble.<\/p>\n<p>NOTE:<\/p>\n<p>Nous d\u00e9conseillons fortement d&rsquo;utiliser le KLAR avec des DAC qui d\u00e9pendent de l&rsquo;entr\u00e9e USB pour leur alimentation \u00e9lectrique. Le KLAR n&rsquo;est pas compatible avec tous les appareils qui alimente \u00e9lectriquement l&rsquo;ensemble du cicruit USB  partir de l&rsquo;entr\u00e9e USB. L&rsquo;isolateur galvanique du KLAR \u00e0 une capacit\u00e9 de charge maximale de 100 mA. Si la charge est sup\u00e9rieure \u00e0 cette valeur, l&rsquo;isolateur s&rsquo;\u00e9teint.<\/p>\n","protected":false},"excerpt":{"rendered":"<p>SPECIFICATIONS<\/p>\n<p>USB 2.0 \u00e0 grande vitesse (480 Mbps)<br \/>\nIsolation galvanique compl\u00e8te<br \/>\nSignal r\u00e9g\u00e9n\u00e9r\u00e9<br \/>\nConnecteurs plaqu\u00e9s or (A-B)<br \/>\nCharge maximale de 100mA<br \/>\nDiff\u00e9rentes longueurs sont disponibles<\/p>\n","protected":false},"featured_media":35770,"template":"","meta":{"site-sidebar-layout":"default","site-content-layout":"default","ast-site-content-layout":"default","site-content-style":"default","site-sidebar-style":"default","ast-global-header-display":"","ast-banner-title-visibility":"","ast-main-header-display":"","ast-hfb-above-header-display":"","ast-hfb-below-header-display":"","ast-hfb-mobile-header-display":"","site-post-title":"","ast-breadcrumbs-content":"","ast-featured-img":"","footer-sml-layout":"","ast-disable-related-posts":"","theme-transparent-header-meta":"default","adv-header-id-meta":"","stick-header-meta":"","header-above-stick-meta":"","header-main-stick-meta":"","header-below-stick-meta":"","astra-migrate-meta-layouts":"set","ast-page-background-enabled":"default","ast-page-background-meta":{"desktop":{"background-color":"var(--ast-global-color-4)","background-image":"","background-repeat":"repeat","background-position":"center center","background-size":"auto","background-attachment":"scroll","background-type":"","background-media":"","overlay-type":"","overlay-color":"","overlay-opacity":"","overlay-gradient":""},"tablet":{"background-color":"","background-image":"","background-repeat":"repeat","background-position":"center center","background-size":"auto","background-attachment":"scroll","background-type":"","background-media":"","overlay-type":"","overlay-color":"","overlay-opacity":"","overlay-gradient":""},"mobile":{"background-color":"","background-image":"","background-repeat":"repeat","background-position":"center center","background-size":"auto","background-attachment":"scroll","background-type":"","background-media":"","overlay-type":"","overlay-color":"","overlay-opacity":"","overlay-gradient":""}},"ast-content-background-meta":{"desktop":{"background-color":"var(--ast-global-color-5)","background-image":"","background-repeat":"repeat","background-position":"center center","background-size":"auto","background-attachment":"scroll","background-type":"","background-media":"","overlay-type":"","overlay-color":"","overlay-opacity":"","overlay-gradient":""},"tablet":{"background-color":"var(--ast-global-color-5)","background-image":"","background-repeat":"repeat","background-position":"center center","background-size":"auto","background-attachment":"scroll","background-type":"","background-media":"","overlay-type":"","overlay-color":"","overlay-opacity":"","overlay-gradient":""},"mobile":{"background-color":"var(--ast-global-color-5)","background-image":"","background-repeat":"repeat","background-position":"center center","background-size":"auto","background-attachment":"scroll","background-type":"","background-media":"","overlay-type":"","overlay-color":"","overlay-opacity":"","overlay-gradient":""}}},"product_brand":[],"product_cat":[165,198],"product_tag":[],"class_list":{"0":"post-35851","1":"product","2":"type-product","3":"status-publish","4":"has-post-thumbnail","6":"product_cat-cables-audio-digital","7":"product_cat-cables-usb","8":"desktop-align-left","9":"tablet-align-left","10":"mobile-align-left","12":"first","13":"instock","14":"taxable","15":"shipping-taxable","16":"purchasable","17":"product-type-simple"},"_links":{"self":[{"href":"https:\/\/moonwires.com\/fr\/wp-json\/wp\/v2\/product\/35851","targetHints":{"allow":["GET"]}}],"collection":[{"href":"https:\/\/moonwires.com\/fr\/wp-json\/wp\/v2\/product"}],"about":[{"href":"https:\/\/moonwires.com\/fr\/wp-json\/wp\/v2\/types\/product"}],"wp:featuredmedia":[{"embeddable":true,"href":"https:\/\/moonwires.com\/fr\/wp-json\/wp\/v2\/media\/35770"}],"wp:attachment":[{"href":"https:\/\/moonwires.com\/fr\/wp-json\/wp\/v2\/media?parent=35851"}],"wp:term":[{"taxonomy":"product_brand","embeddable":true,"href":"https:\/\/moonwires.com\/fr\/wp-json\/wp\/v2\/product_brand?post=35851"},{"taxonomy":"product_cat","embeddable":true,"href":"https:\/\/moonwires.com\/fr\/wp-json\/wp\/v2\/product_cat?post=35851"},{"taxonomy":"product_tag","embeddable":true,"href":"https:\/\/moonwires.com\/fr\/wp-json\/wp\/v2\/product_tag?post=35851"}],"curies":[{"name":"wp","href":"https:\/\/api.w.org\/{rel}","templated":true}]}}