{"id":33367,"date":"2021-12-15T19:15:30","date_gmt":"2021-12-15T18:15:32","guid":{"rendered":"https:\/\/moonwires.com\/?post_type=product&#038;p=33367"},"modified":"2025-03-09T20:12:33","modified_gmt":"2025-03-09T19:12:33","slug":"filtre-secteur-flux-50-ncf-furutech","status":"publish","type":"product","link":"https:\/\/moonwires.com\/fr\/produit\/filtre-secteur-flux-50-ncf-furutech\/","title":{"rendered":"Filtre secteur flux-50 NCF furutech"},"content":{"rendered":"<p>Caract\u00e9ristique Techniques<\/p>\n<ul>\n<li>Filtre AC-1501 (R) Plaqu\u00e9 Rhodium \/ Trait\u00e9 \u03b1 (Alpha)<\/li>\n<li>Conducteurs en alliage cuivre amagn\u00e9tique<\/li>\n<li>Le filtre AC-1501 (R) dispose d\u2019un circuit parall\u00e8le avec<\/li>\n<li>bobine et condensateur<\/li>\n<li>R\u00e9duit le bruit \u00e0 1MHz (10dB) et 10MHz (+30dB)<\/li>\n<li>Bouclier du conducteur trait\u00e9 \u03b1 (Alpha) contre le bruit rayonn\u00e9<\/li>\n<li>Certifi\u00e9 RoHS \/ Gaine souple PVC de qualit\u00e9 audio am\u00e9liorant l\u2019isolation des vibrations<\/li>\n<li>Isolation en poly\u00e9thyl\u00e8ne (PE) de haute qualit\u00e9<\/li>\n<li>Courant \/ Tension (AC) : 115V-250V (15A) \/ 50-60Hz<\/li>\n<li>Sp\u00e9cifications c\u00e2bles : Conducteurs OCC : 3 corps de 7 conducteurs de 0.127mm\u00b2, avec chacun 62 fils trait\u00e9s \u03b1 (Alpha)<\/li>\n<li>Gaine int\u00e9rieure : PVC souple de qualit\u00e9 audio avec poudre de Carbone<\/li>\n<li>Isolation : Diam\u00e8tre \u00d8 5,2mm \/ Isolation PE de qualit\u00e9 audio (Rouge \/ Blanc \/ Vert)<\/li>\n<li>Bouclier : Diam\u00e8tre \u00d8 de 0,12mm trait\u00e9 \u03b1 (Alpha)<\/li>\n<li>Gaine : PVC flexible (Rouge pourpre) \/ Diam\u00e8tre \u00d8 18mm<\/li>\n<li>Certifi\u00e9 RoHS Corps : Fils tress\u00e9s Nylon \/ Diam\u00e8tre \u00d8 18,8mm<\/li>\n<\/ul>\n","protected":false},"excerpt":{"rendered":"<p>Le Furutech flux-50 NCF est une unit\u00e9 de filtrage secteur qui purifie le signal du composant sur lequel il est branch\u00e9.<br \/>\nIl peut \u00eatre raccord\u00e9 sur un tr\u00e8s bon c\u00e2ble secteur de n\u2019importe quelle autre marque.<br \/>\nLe Furutech Flux-50 NCF a notamment pour effet d\u2019\u00e9liminer les distorsions provoqu\u00e9es par les bruits de fond et de prot\u00e9ger des chutes et pointes de tension.<\/p>\n<p>A l\u2019\u00e9coute, cela se retranscrit par un son \u00e9videmment plus pur, mieux d\u00e9tour\u00e9 et qui acquiert \u00e9galement bien plus de densit\u00e9.<br \/>\nPour le raccordement entre les c\u00e2bles d\u2019alimentations et les distributeurs de courants AC \u00c9limine et pr\u00e9vient le bruit rayonnant du courant.<\/p>\n","protected":false},"featured_media":33369,"template":"","meta":{"site-sidebar-layout":"default","site-content-layout":"default","ast-site-content-layout":"default","site-content-style":"default","site-sidebar-style":"default","ast-global-header-display":"","ast-banner-title-visibility":"","ast-main-header-display":"","ast-hfb-above-header-display":"","ast-hfb-below-header-display":"","ast-hfb-mobile-header-display":"","site-post-title":"","ast-breadcrumbs-content":"","ast-featured-img":"","footer-sml-layout":"","ast-disable-related-posts":"","theme-transparent-header-meta":"default","adv-header-id-meta":"","stick-header-meta":"","header-above-stick-meta":"","header-main-stick-meta":"","header-below-stick-meta":"","astra-migrate-meta-layouts":"set","ast-page-background-enabled":"default","ast-page-background-meta":{"desktop":{"background-color":"var(--ast-global-color-4)","background-image":"","background-repeat":"repeat","background-position":"center center","background-size":"auto","background-attachment":"scroll","background-type":"","background-media":"","overlay-type":"","overlay-color":"","overlay-opacity":"","overlay-gradient":""},"tablet":{"background-color":"","background-image":"","background-repeat":"repeat","background-position":"center center","background-size":"auto","background-attachment":"scroll","background-type":"","background-media":"","overlay-type":"","overlay-color":"","overlay-opacity":"","overlay-gradient":""},"mobile":{"background-color":"","background-image":"","background-repeat":"repeat","background-position":"center center","background-size":"auto","background-attachment":"scroll","background-type":"","background-media":"","overlay-type":"","overlay-color":"","overlay-opacity":"","overlay-gradient":""}},"ast-content-background-meta":{"desktop":{"background-color":"var(--ast-global-color-5)","background-image":"","background-repeat":"repeat","background-position":"center center","background-size":"auto","background-attachment":"scroll","background-type":"","background-media":"","overlay-type":"","overlay-color":"","overlay-opacity":"","overlay-gradient":""},"tablet":{"background-color":"var(--ast-global-color-5)","background-image":"","background-repeat":"repeat","background-position":"center center","background-size":"auto","background-attachment":"scroll","background-type":"","background-media":"","overlay-type":"","overlay-color":"","overlay-opacity":"","overlay-gradient":""},"mobile":{"background-color":"var(--ast-global-color-5)","background-image":"","background-repeat":"repeat","background-position":"center center","background-size":"auto","background-attachment":"scroll","background-type":"","background-media":"","overlay-type":"","overlay-color":"","overlay-opacity":"","overlay-gradient":""}}},"product_brand":[],"product_cat":[58,111,60,152],"product_tag":[],"class_list":{"0":"post-33367","1":"product","2":"type-product","3":"status-publish","4":"has-post-thumbnail","6":"product_cat-accessoires-doptimisation","7":"product_cat-autres-accessoires","8":"product_cat-distributeur-de-courant","9":"product_cat-filtre-secteur","10":"desktop-align-left","11":"tablet-align-left","12":"mobile-align-left","14":"first","15":"instock","16":"taxable","17":"shipping-taxable","18":"purchasable","19":"product-type-simple"},"_links":{"self":[{"href":"https:\/\/moonwires.com\/fr\/wp-json\/wp\/v2\/product\/33367","targetHints":{"allow":["GET"]}}],"collection":[{"href":"https:\/\/moonwires.com\/fr\/wp-json\/wp\/v2\/product"}],"about":[{"href":"https:\/\/moonwires.com\/fr\/wp-json\/wp\/v2\/types\/product"}],"wp:featuredmedia":[{"embeddable":true,"href":"https:\/\/moonwires.com\/fr\/wp-json\/wp\/v2\/media\/33369"}],"wp:attachment":[{"href":"https:\/\/moonwires.com\/fr\/wp-json\/wp\/v2\/media?parent=33367"}],"wp:term":[{"taxonomy":"product_brand","embeddable":true,"href":"https:\/\/moonwires.com\/fr\/wp-json\/wp\/v2\/product_brand?post=33367"},{"taxonomy":"product_cat","embeddable":true,"href":"https:\/\/moonwires.com\/fr\/wp-json\/wp\/v2\/product_cat?post=33367"},{"taxonomy":"product_tag","embeddable":true,"href":"https:\/\/moonwires.com\/fr\/wp-json\/wp\/v2\/product_tag?post=33367"}],"curies":[{"name":"wp","href":"https:\/\/api.w.org\/{rel}","templated":true}]}}