{"id":31854,"date":"2021-08-27T20:58:02","date_gmt":"2021-08-27T18:58:03","guid":{"rendered":"https:\/\/moonwires.com\/?post_type=product&#038;p=31854"},"modified":"2024-09-14T20:32:15","modified_gmt":"2024-09-14T18:32:15","slug":"set-de-3-anneaux-de-decouplage-pour-cable-secteur-centaurus","status":"publish","type":"product","link":"https:\/\/moonwires.com\/fr\/produit\/set-de-3-anneaux-de-decouplage-pour-cable-secteur-centaurus\/","title":{"rendered":"Set de 4 anneaux de d\u00e9couplage pour c\u00e2ble secteur Centaurus et haut-parleur Antar\u00e8s"},"content":{"rendered":"","protected":false},"excerpt":{"rendered":"<p>Ces anneaux de d\u00e9couplage sont con\u00e7us pour nos c\u00e2bles d&rsquo;alimentation Centaurus ou comme anneaux suppl\u00e9mentaires pour notre c\u00e2ble haut-parleur Antares. Ils permettent une isolation et un d\u00e9couplage parfait du sol. Jeu de 4 anneaux de d\u00e9couplage, vis et cl\u00e9 Allen incluses.<\/p>\n<p>SPECIFICATIONS<\/p>\n<ul>\n<li>Nylon PA 12 (impression 3D \u2013 MJF &#8211; 80\u03bcm)<\/li>\n<li>Couleur: teint\u00e9 noir<\/li>\n<li>Diam\u00e8tre ext\u00e9rieur : 60mm<\/li>\n<li>Diam\u00e8tre int\u00e9rieur : 26mm<\/li>\n<li>\u00c9paisseur : 10mm<\/li>\n<\/ul>\n<div id=\"gtx-trans\" style=\"position: absolute; left: -26px; top: 320.889px;\">\n<div class=\"gtx-trans-icon\"><\/div>\n<\/div>\n","protected":false},"featured_media":31865,"template":"","meta":{"site-sidebar-layout":"default","site-content-layout":"default","ast-site-content-layout":"default","site-content-style":"default","site-sidebar-style":"default","ast-global-header-display":"","ast-banner-title-visibility":"","ast-main-header-display":"","ast-hfb-above-header-display":"","ast-hfb-below-header-display":"","ast-hfb-mobile-header-display":"","site-post-title":"","ast-breadcrumbs-content":"","ast-featured-img":"","footer-sml-layout":"","ast-disable-related-posts":"","theme-transparent-header-meta":"default","adv-header-id-meta":"","stick-header-meta":"","header-above-stick-meta":"","header-main-stick-meta":"","header-below-stick-meta":"","astra-migrate-meta-layouts":"set","ast-page-background-enabled":"default","ast-page-background-meta":{"desktop":{"background-color":"var(--ast-global-color-4)","background-image":"","background-repeat":"repeat","background-position":"center center","background-size":"auto","background-attachment":"scroll","background-type":"","background-media":"","overlay-type":"","overlay-color":"","overlay-opacity":"","overlay-gradient":""},"tablet":{"background-color":"","background-image":"","background-repeat":"repeat","background-position":"center center","background-size":"auto","background-attachment":"scroll","background-type":"","background-media":"","overlay-type":"","overlay-color":"","overlay-opacity":"","overlay-gradient":""},"mobile":{"background-color":"","background-image":"","background-repeat":"repeat","background-position":"center center","background-size":"auto","background-attachment":"scroll","background-type":"","background-media":"","overlay-type":"","overlay-color":"","overlay-opacity":"","overlay-gradient":""}},"ast-content-background-meta":{"desktop":{"background-color":"var(--ast-global-color-5)","background-image":"","background-repeat":"repeat","background-position":"center center","background-size":"auto","background-attachment":"scroll","background-type":"","background-media":"","overlay-type":"","overlay-color":"","overlay-opacity":"","overlay-gradient":""},"tablet":{"background-color":"var(--ast-global-color-5)","background-image":"","background-repeat":"repeat","background-position":"center center","background-size":"auto","background-attachment":"scroll","background-type":"","background-media":"","overlay-type":"","overlay-color":"","overlay-opacity":"","overlay-gradient":""},"mobile":{"background-color":"var(--ast-global-color-5)","background-image":"","background-repeat":"repeat","background-position":"center center","background-size":"auto","background-attachment":"scroll","background-type":"","background-media":"","overlay-type":"","overlay-color":"","overlay-opacity":"","overlay-gradient":""}}},"product_brand":[],"product_cat":[111],"product_tag":[],"class_list":{"0":"post-31854","1":"product","2":"type-product","3":"status-publish","4":"has-post-thumbnail","6":"product_cat-autres-accessoires","7":"desktop-align-left","8":"tablet-align-left","9":"mobile-align-left","11":"first","12":"instock","13":"taxable","14":"shipping-taxable","15":"purchasable","16":"product-type-simple"},"_links":{"self":[{"href":"https:\/\/moonwires.com\/fr\/wp-json\/wp\/v2\/product\/31854","targetHints":{"allow":["GET"]}}],"collection":[{"href":"https:\/\/moonwires.com\/fr\/wp-json\/wp\/v2\/product"}],"about":[{"href":"https:\/\/moonwires.com\/fr\/wp-json\/wp\/v2\/types\/product"}],"wp:featuredmedia":[{"embeddable":true,"href":"https:\/\/moonwires.com\/fr\/wp-json\/wp\/v2\/media\/31865"}],"wp:attachment":[{"href":"https:\/\/moonwires.com\/fr\/wp-json\/wp\/v2\/media?parent=31854"}],"wp:term":[{"taxonomy":"product_brand","embeddable":true,"href":"https:\/\/moonwires.com\/fr\/wp-json\/wp\/v2\/product_brand?post=31854"},{"taxonomy":"product_cat","embeddable":true,"href":"https:\/\/moonwires.com\/fr\/wp-json\/wp\/v2\/product_cat?post=31854"},{"taxonomy":"product_tag","embeddable":true,"href":"https:\/\/moonwires.com\/fr\/wp-json\/wp\/v2\/product_tag?post=31854"}],"curies":[{"name":"wp","href":"https:\/\/api.w.org\/{rel}","templated":true}]}}