{"id":31828,"date":"2021-08-27T19:44:56","date_gmt":"2021-08-27T17:44:57","guid":{"rendered":"https:\/\/moonwires.com\/?post_type=product&#038;p=31828"},"modified":"2024-09-14T20:45:40","modified_gmt":"2024-09-14T18:45:40","slug":"distributeur-de-courant-audio-haut-de-gamme-ps-2g","status":"publish","type":"product","link":"https:\/\/moonwires.com\/fr\/produit\/distributeur-de-courant-audio-haut-de-gamme-ps-2g\/","title":{"rendered":"Distributeur de courant audio haut de gamme PS-2G"},"content":{"rendered":"<p>Pourquoi choisir ce distributeur ?<\/p>\n<p>Ce distributeur de puissance tend \u00e0 une distribution efficace du courant, sans compromis. Nous avons fait le choix de l&rsquo;innovation en int\u00e9grant un blindage \u00e0 base de poudre de Shungite, reconnu pour son pouvoir d&rsquo;absorption et de neutralisation des interf\u00e9rences \u00e9lectromagn\u00e9tiques (HFEM), assurant ainsi une protection optimale contre les perturbations ext\u00e9rieures.<\/p>\n<p>Chaque conducteur, d&rsquo;une section de 3mm2, est rev\u00eatu de poudre de Shungite et utilise du Teflon PTFE comme di\u00e9lectrique pour une isolation maximale. Le renforcement du boitier avec un blindage en Mum\u00e9tal am\u00e9liore encore ses propri\u00e9t\u00e9s de protection. <\/p>\n<p>De plus, ce distributeur de courant int\u00e8gre des embases \u00e9lectriques haut de gamme de la marque Furutech.<\/p>\n<p><a href=\"https:\/\/moonwires.com\/wp-content\/uploads\/2022\/04\/DISTRIBUTEUR-SECTEUR-HAUT-DE-GAMME-PS-2G-FR.pdf\" target=\"_blank\" rel=\"noopener\"><img decoding=\"async\" class=\"alignnone wp-image-34149\" src=\"https:\/\/moonwires.com\/wp-content\/uploads\/2022\/04\/Specification-sheet-Moonwires-300x300.png\" alt=\"\" width=\"80\" height=\"80\" srcset=\"https:\/\/moonwires.com\/wp-content\/uploads\/2022\/04\/Specification-sheet-Moonwires-300x301.png 300w, https:\/\/moonwires.com\/wp-content\/uploads\/2022\/04\/Specification-sheet-Moonwires-150x150.png 150w, https:\/\/moonwires.com\/wp-content\/uploads\/2022\/04\/Specification-sheet-Moonwires-100x100.png 100w, https:\/\/moonwires.com\/wp-content\/uploads\/2022\/04\/Specification-sheet-Moonwires.png 498w\" sizes=\"(max-width: 80px) 100vw, 80px\" \/><\/a><\/p>\n","protected":false},"excerpt":{"rendered":"<p>SPECIFICATIONS<\/p>\n<ul>\n<li>Boitier en aluminium noir<\/li>\n<li>Blindage du boitier en Mum\u00e9tal<\/li>\n<li>Embases Schuko plaqu\u00e9 Or 24k (Alpha) Furutech<\/li>\n<li>FI-09 (G) Embase IEC Cuivre pur plaqu\u00e9 or Furutech<\/li>\n<li>Conducteur de section 3mm2 (2&#215;1.5mm2 torsad\u00e9)<\/li>\n<li>Couche de poudre de Shungite<\/li>\n<li>Isolation en T\u00e9flon<\/li>\n<li>Gaine en Basalte<\/li>\n<li>Branchement interne en \u00e9toile<\/li>\n<li>Dimensions 340 x 123 x 75 (L x l x h)<\/li>\n<li>Pieds amortissant aluminium 44x17mm<\/li>\n<li><strong>En option<\/strong>: terre interne avec connecteur de mise \u00e0 terre externe<\/li>\n<\/ul>\n","protected":false},"featured_media":31791,"template":"","meta":{"site-sidebar-layout":"default","site-content-layout":"default","ast-site-content-layout":"default","site-content-style":"default","site-sidebar-style":"default","ast-global-header-display":"","ast-banner-title-visibility":"","ast-main-header-display":"","ast-hfb-above-header-display":"","ast-hfb-below-header-display":"","ast-hfb-mobile-header-display":"","site-post-title":"","ast-breadcrumbs-content":"","ast-featured-img":"","footer-sml-layout":"","ast-disable-related-posts":"","theme-transparent-header-meta":"default","adv-header-id-meta":"","stick-header-meta":"","header-above-stick-meta":"","header-main-stick-meta":"","header-below-stick-meta":"","astra-migrate-meta-layouts":"set","ast-page-background-enabled":"default","ast-page-background-meta":{"desktop":{"background-color":"var(--ast-global-color-4)","background-image":"","background-repeat":"repeat","background-position":"center center","background-size":"auto","background-attachment":"scroll","background-type":"","background-media":"","overlay-type":"","overlay-color":"","overlay-opacity":"","overlay-gradient":""},"tablet":{"background-color":"","background-image":"","background-repeat":"repeat","background-position":"center center","background-size":"auto","background-attachment":"scroll","background-type":"","background-media":"","overlay-type":"","overlay-color":"","overlay-opacity":"","overlay-gradient":""},"mobile":{"background-color":"","background-image":"","background-repeat":"repeat","background-position":"center center","background-size":"auto","background-attachment":"scroll","background-type":"","background-media":"","overlay-type":"","overlay-color":"","overlay-opacity":"","overlay-gradient":""}},"ast-content-background-meta":{"desktop":{"background-color":"var(--ast-global-color-5)","background-image":"","background-repeat":"repeat","background-position":"center center","background-size":"auto","background-attachment":"scroll","background-type":"","background-media":"","overlay-type":"","overlay-color":"","overlay-opacity":"","overlay-gradient":""},"tablet":{"background-color":"var(--ast-global-color-5)","background-image":"","background-repeat":"repeat","background-position":"center center","background-size":"auto","background-attachment":"scroll","background-type":"","background-media":"","overlay-type":"","overlay-color":"","overlay-opacity":"","overlay-gradient":""},"mobile":{"background-color":"var(--ast-global-color-5)","background-image":"","background-repeat":"repeat","background-position":"center center","background-size":"auto","background-attachment":"scroll","background-type":"","background-media":"","overlay-type":"","overlay-color":"","overlay-opacity":"","overlay-gradient":""}}},"product_brand":[],"product_cat":[60],"product_tag":[],"class_list":{"0":"post-31828","1":"product","2":"type-product","3":"status-publish","4":"has-post-thumbnail","6":"product_cat-distributeur-de-courant","7":"desktop-align-left","8":"tablet-align-left","9":"mobile-align-left","11":"first","12":"instock","13":"taxable","14":"shipping-taxable","15":"purchasable","16":"product-type-variable"},"_links":{"self":[{"href":"https:\/\/moonwires.com\/fr\/wp-json\/wp\/v2\/product\/31828","targetHints":{"allow":["GET"]}}],"collection":[{"href":"https:\/\/moonwires.com\/fr\/wp-json\/wp\/v2\/product"}],"about":[{"href":"https:\/\/moonwires.com\/fr\/wp-json\/wp\/v2\/types\/product"}],"wp:featuredmedia":[{"embeddable":true,"href":"https:\/\/moonwires.com\/fr\/wp-json\/wp\/v2\/media\/31791"}],"wp:attachment":[{"href":"https:\/\/moonwires.com\/fr\/wp-json\/wp\/v2\/media?parent=31828"}],"wp:term":[{"taxonomy":"product_brand","embeddable":true,"href":"https:\/\/moonwires.com\/fr\/wp-json\/wp\/v2\/product_brand?post=31828"},{"taxonomy":"product_cat","embeddable":true,"href":"https:\/\/moonwires.com\/fr\/wp-json\/wp\/v2\/product_cat?post=31828"},{"taxonomy":"product_tag","embeddable":true,"href":"https:\/\/moonwires.com\/fr\/wp-json\/wp\/v2\/product_tag?post=31828"}],"curies":[{"name":"wp","href":"https:\/\/api.w.org\/{rel}","templated":true}]}}