{"id":30887,"date":"2021-08-24T15:14:20","date_gmt":"2021-08-24T13:14:22","guid":{"rendered":"https:\/\/moonwires.com\/?post_type=product&#038;p=30887"},"modified":"2024-09-14T20:47:37","modified_gmt":"2024-09-14T18:47:37","slug":"cable-digital-spdif-75-ohm-a-blindage-mineral-et-mumetal-spika","status":"publish","type":"product","link":"https:\/\/moonwires.com\/fr\/produit\/cable-digital-spdif-75-ohm-a-blindage-mineral-et-mumetal-spika\/","title":{"rendered":"C\u00e2ble digital SPDIF 75 ohm \u00e0 blindage min\u00e9ral et Mum\u00e9tal Spika"},"content":{"rendered":"<p>Pour notre c\u00e2ble SPDIF 75 ohm, nous utilisons comme di\u00e9lectrique le Teflon PTFE et un blindage de qualit\u00e9 en Mum\u00e9tal. La gaine ext\u00e9rieure est en basalte, un min\u00e9ral volcanique dont les propri\u00e9t\u00e9s peuvent potentiellement r\u00e9duire les effets de la tribo\u00e9lectricit\u00e9 par rapport aux mat\u00e9riaux synth\u00e9tiques, conduisant \u00e0 moins de bruit statique induit dans le signal audio.<\/p>\n<p>Et bien s\u00fbr, nous appliquons un blindage min\u00e9ral avec de la poudre de Shungite, un min\u00e9ral reconnu pour sa capacit\u00e9 \u00e0 absorber et neutraliser les hautes fr\u00e9quences \u00e9lectromagn\u00e9tiques, r\u00e9duisant ainsi les interf\u00e9rences et am\u00e9liorant la clart\u00e9 du son. Ses propri\u00e9t\u00e9s conductrices contribuent \u00e9galement \u00e0 la dissipation de l&rsquo;\u00e9lectricit\u00e9 statique, limitant les bruits ind\u00e9sirables.<\/p>\n<div id=\"gtx-trans\" style=\"position: absolute; left: -17px; top: 191.783px;\">\n<div class=\"gtx-trans-icon\"><\/div>\n<\/div>\n<p><a href=\"https:\/\/moonwires.com\/wp-content\/uploads\/2022\/04\/CABLE-DIGITAL-HAUT-DE-GAMME-75-OHM-SPIKA-FR.pdf\" target=\"_blank\" rel=\"noopener\"><img decoding=\"async\" class=\"alignnone wp-image-34149\" src=\"https:\/\/moonwires.com\/wp-content\/uploads\/2022\/04\/Specification-sheet-Moonwires-300x300.png\" alt=\"\" width=\"80\" height=\"80\" srcset=\"https:\/\/moonwires.com\/wp-content\/uploads\/2022\/04\/Specification-sheet-Moonwires-300x301.png 300w, https:\/\/moonwires.com\/wp-content\/uploads\/2022\/04\/Specification-sheet-Moonwires-150x150.png 150w, https:\/\/moonwires.com\/wp-content\/uploads\/2022\/04\/Specification-sheet-Moonwires-100x100.png 100w, https:\/\/moonwires.com\/wp-content\/uploads\/2022\/04\/Specification-sheet-Moonwires.png 498w\" sizes=\"(max-width: 80px) 100vw, 80px\" \/><\/a><\/p>\n","protected":false},"excerpt":{"rendered":"<p>SPECIFICATIONS<\/p>\n<ul>\n<li>Conducteur int\u00e9rieur en cuivre massif de 1,13 mm<\/li>\n<li>Cellule di\u00e9lectrique en mousse de poly\u00e9thyl\u00e8ne (PE)<br \/>\n&#8211; \u00d8 4,8 mm<\/li>\n<li>Conducteur ext\u00e9rieur 1 feuille d&rsquo;aluminium \/pet<\/li>\n<li>Conducteur ext\u00e9rieur 2 feuille d&rsquo;aluminium \/pet<\/li>\n<li>Blindage Tresse en bronze<\/li>\n<li>Blindage min\u00e9ral avec de la poudre de shungite<\/li>\n<li>Blindage magn\u00e9tostatique et magn\u00e9tique: feuille de Mum\u00e9tal<\/li>\n<li>T\u00e9flon PTFE<\/li>\n<li>Basalte de la gaine ext\u00e9rieure<\/li>\n<li>Soudure \u00e0 l&rsquo;argent 10%<\/li>\n<li>Connecteurs RCA Neutrik NF2CB2<\/li>\n<\/ul>\n","protected":false},"featured_media":30910,"template":"","meta":{"site-sidebar-layout":"default","site-content-layout":"default","ast-site-content-layout":"default","site-content-style":"default","site-sidebar-style":"default","ast-global-header-display":"","ast-banner-title-visibility":"","ast-main-header-display":"","ast-hfb-above-header-display":"","ast-hfb-below-header-display":"","ast-hfb-mobile-header-display":"","site-post-title":"","ast-breadcrumbs-content":"","ast-featured-img":"","footer-sml-layout":"","ast-disable-related-posts":"","theme-transparent-header-meta":"default","adv-header-id-meta":"","stick-header-meta":"","header-above-stick-meta":"","header-main-stick-meta":"","header-below-stick-meta":"","astra-migrate-meta-layouts":"set","ast-page-background-enabled":"default","ast-page-background-meta":{"desktop":{"background-color":"var(--ast-global-color-4)","background-image":"","background-repeat":"repeat","background-position":"center center","background-size":"auto","background-attachment":"scroll","background-type":"","background-media":"","overlay-type":"","overlay-color":"","overlay-opacity":"","overlay-gradient":""},"tablet":{"background-color":"","background-image":"","background-repeat":"repeat","background-position":"center center","background-size":"auto","background-attachment":"scroll","background-type":"","background-media":"","overlay-type":"","overlay-color":"","overlay-opacity":"","overlay-gradient":""},"mobile":{"background-color":"","background-image":"","background-repeat":"repeat","background-position":"center center","background-size":"auto","background-attachment":"scroll","background-type":"","background-media":"","overlay-type":"","overlay-color":"","overlay-opacity":"","overlay-gradient":""}},"ast-content-background-meta":{"desktop":{"background-color":"var(--ast-global-color-5)","background-image":"","background-repeat":"repeat","background-position":"center center","background-size":"auto","background-attachment":"scroll","background-type":"","background-media":"","overlay-type":"","overlay-color":"","overlay-opacity":"","overlay-gradient":""},"tablet":{"background-color":"var(--ast-global-color-5)","background-image":"","background-repeat":"repeat","background-position":"center center","background-size":"auto","background-attachment":"scroll","background-type":"","background-media":"","overlay-type":"","overlay-color":"","overlay-opacity":"","overlay-gradient":""},"mobile":{"background-color":"var(--ast-global-color-5)","background-image":"","background-repeat":"repeat","background-position":"center center","background-size":"auto","background-attachment":"scroll","background-type":"","background-media":"","overlay-type":"","overlay-color":"","overlay-opacity":"","overlay-gradient":""}}},"product_brand":[],"product_cat":[104,165,55],"product_tag":[],"class_list":{"0":"post-30887","1":"product","2":"type-product","3":"status-publish","4":"has-post-thumbnail","6":"product_cat-cable-numerique-75-ohms","7":"product_cat-cables-audio-digital","8":"product_cat-cables-cinch-a-blindage-mineral","9":"desktop-align-left","10":"tablet-align-left","11":"mobile-align-left","13":"first","14":"instock","15":"taxable","16":"shipping-taxable","17":"purchasable","18":"product-type-variable","19":"has-default-attributes"},"_links":{"self":[{"href":"https:\/\/moonwires.com\/fr\/wp-json\/wp\/v2\/product\/30887","targetHints":{"allow":["GET"]}}],"collection":[{"href":"https:\/\/moonwires.com\/fr\/wp-json\/wp\/v2\/product"}],"about":[{"href":"https:\/\/moonwires.com\/fr\/wp-json\/wp\/v2\/types\/product"}],"wp:featuredmedia":[{"embeddable":true,"href":"https:\/\/moonwires.com\/fr\/wp-json\/wp\/v2\/media\/30910"}],"wp:attachment":[{"href":"https:\/\/moonwires.com\/fr\/wp-json\/wp\/v2\/media?parent=30887"}],"wp:term":[{"taxonomy":"product_brand","embeddable":true,"href":"https:\/\/moonwires.com\/fr\/wp-json\/wp\/v2\/product_brand?post=30887"},{"taxonomy":"product_cat","embeddable":true,"href":"https:\/\/moonwires.com\/fr\/wp-json\/wp\/v2\/product_cat?post=30887"},{"taxonomy":"product_tag","embeddable":true,"href":"https:\/\/moonwires.com\/fr\/wp-json\/wp\/v2\/product_tag?post=30887"}],"curies":[{"name":"wp","href":"https:\/\/api.w.org\/{rel}","templated":true}]}}