{"id":37475,"date":"2025-11-24T08:09:36","date_gmt":"2025-11-24T07:09:36","guid":{"rendered":"https:\/\/moonwires.com\/?post_type=product&#038;p=37475"},"modified":"2025-11-24T08:31:07","modified_gmt":"2025-11-24T07:31:07","slug":"ab-tech-frid-stromreiniger-copy","status":"publish","type":"product","link":"https:\/\/moonwires.com\/de\/produit\/ab-tech-frid-stromreiniger-copy\/","title":{"rendered":"AB-TECH STILL \u2013 Hochpr\u00e4ziser galvanischer Isolator f\u00fcr High-End-Audio-Netzwerke"},"content":{"rendered":"<p class=\"cvGsUA direction-ltr align-start para-style-body\"><strong><span class=\"a_GcMg font-feature-liga-off font-feature-clig-off font-feature-calt-off text-decoration-none text-strikethrough-none\">Hauptfunktionen<\/span><\/strong><\/p>\n<ul>\n<li><span class=\"a_GcMg font-feature-liga-off font-feature-clig-off font-feature-calt-off text-decoration-none text-strikethrough-none\">Mehrstufige galvanische Isolation f\u00fcr Signal und Schirmung \u2013 eliminiert EMI, RFI und Erdschleifen.<\/span><\/li>\n<li><span class=\"a_GcMg font-feature-liga-off font-feature-clig-off font-feature-calt-off text-decoration-none text-strikethrough-none\">Integrierter Hochfrequenzfilter, reduziert Jitter und Restger\u00e4usche aus dem Netzwerk.<\/span><\/li>\n<li><span class=\"a_GcMg font-feature-liga-off font-feature-clig-off font-feature-calt-off text-decoration-none text-strikethrough-none\">Zwei Konfigurationsschalter:<\/span><\/li>\n<li><span class=\"a_GcMg font-feature-liga-off font-feature-clig-off font-feature-calt-off text-decoration-none text-strikethrough-none\">\u2022 Schalter 1 \u2013 Schirmreferenz (Input \/ Output)<\/span><\/li>\n<li><span class=\"a_GcMg font-feature-liga-off font-feature-clig-off font-feature-calt-off text-decoration-none text-strikethrough-none\">\u2022 Schalter 2 \u2013 Isolationsmodus (Loose \/ Full).<\/span><\/li>\n<li><span class=\"a_GcMg font-feature-liga-off font-feature-clig-off font-feature-calt-off text-decoration-none text-strikethrough-none\">\u201eConnector-only\u201c-Architektur, ohne interne Verkabelung, kompatibel mit allen hochwertigen Ethernet-Kabeln.<\/span><\/li>\n<li><span class=\"a_GcMg font-feature-liga-off font-feature-clig-off font-feature-calt-off text-decoration-none text-strikethrough-none\">Pr\u00e4zise geschirmte RJ45-Anschl\u00fcsse, gew\u00e4hrleisten stabilen Kontakt und kontrollierte Impedanz.<\/span><\/li>\n<li><span class=\"a_GcMg font-feature-liga-off font-feature-clig-off font-feature-calt-off text-decoration-none text-strikethrough-none\">Amagnetisches Aluminiumgeh\u00e4use, aus einem Block gefr\u00e4st, f\u00fcr optimale mechanische und elektromagnetische Isolation.<\/span><\/li>\n<li><span class=\"a_GcMg font-feature-liga-off font-feature-clig-off font-feature-calt-off text-decoration-none text-strikethrough-none\">Schwingungsentkoppelte interne Montage, ged\u00e4mpft durch viskoelastisches Material zur Reduzierung von Vibrationen und Mikrofonie.<\/span><\/li>\n<li><span class=\"a_GcMg font-feature-liga-off font-feature-clig-off font-feature-calt-off text-decoration-none text-strikethrough-none\">Vollst\u00e4ndig passiver Betrieb, keine externe Stromversorgung oder Signalwandlung erforderlich.<\/span><\/li>\n<li><span class=\"a_GcMg font-feature-liga-off font-feature-clig-off font-feature-calt-off text-decoration-none text-strikethrough-none\">Abmessungen: 149 \u00d7 93 \u00d7 42 mm.<\/span><\/li>\n<\/ul>\n<p>&nbsp;<\/p>\n<p><a href=\"https:\/\/moonwires.com\/wp-content\/uploads\/2025\/11\/STILL-Ethernet-isolator-DE-FR-ENG-A4-compressed.pdf\"><img decoding=\"async\" class=\"alignnone size-full wp-image-34148\" src=\"https:\/\/moonwires.com\/wp-content\/uploads\/2022\/04\/Specification-sheet-Moonwires-e1650873081104.png\" alt=\"\" width=\"90\" height=\"90\" \/><\/a><\/p>\n","protected":false},"excerpt":{"rendered":"<p class=\"cvGsUA direction-ltr align-center para-style-body\"><span class=\"a_GcMg font-feature-liga-off font-feature-clig-off font-feature-calt-off text-decoration-none text-strikethrough-none\">Ethernet-Isolator der neuen Generation, entwickelt f\u00fcr Umgebungen mit hochpr\u00e4zisem Audio-Streaming.<\/span><\/p>\n<p class=\"cvGsUA direction-ltr align-center para-style-body\"><span class=\"a_GcMg font-feature-liga-off font-feature-clig-off font-feature-calt-off text-decoration-none text-strikethrough-none\">Basierend auf einer mehrstufigen galvanischen Isolations-Topologie sch\u00fctzt er die Signal\u00adintegrit\u00e4t, indem er Gleichtaktst\u00f6rungen und St\u00f6rstr\u00f6me beseitigt, die h\u00e4ufig in Heim- oder Firmennetzwerken auftreten.<\/span><\/p>\n","protected":false},"featured_media":37482,"template":"","meta":{"site-sidebar-layout":"default","site-content-layout":"default","ast-site-content-layout":"default","site-content-style":"default","site-sidebar-style":"default","ast-global-header-display":"","ast-banner-title-visibility":"","ast-main-header-display":"","ast-hfb-above-header-display":"","ast-hfb-below-header-display":"","ast-hfb-mobile-header-display":"","site-post-title":"","ast-breadcrumbs-content":"","ast-featured-img":"","footer-sml-layout":"","ast-disable-related-posts":"","theme-transparent-header-meta":"default","adv-header-id-meta":"","stick-header-meta":"","header-above-stick-meta":"","header-main-stick-meta":"","header-below-stick-meta":"","astra-migrate-meta-layouts":"set","ast-page-background-enabled":"default","ast-page-background-meta":{"desktop":{"background-color":"var(--ast-global-color-4)","background-image":"","background-repeat":"repeat","background-position":"center center","background-size":"auto","background-attachment":"scroll","background-type":"","background-media":"","overlay-type":"","overlay-color":"","overlay-opacity":"","overlay-gradient":""},"tablet":{"background-color":"","background-image":"","background-repeat":"repeat","background-position":"center center","background-size":"auto","background-attachment":"scroll","background-type":"","background-media":"","overlay-type":"","overlay-color":"","overlay-opacity":"","overlay-gradient":""},"mobile":{"background-color":"","background-image":"","background-repeat":"repeat","background-position":"center center","background-size":"auto","background-attachment":"scroll","background-type":"","background-media":"","overlay-type":"","overlay-color":"","overlay-opacity":"","overlay-gradient":""}},"ast-content-background-meta":{"desktop":{"background-color":"var(--ast-global-color-5)","background-image":"","background-repeat":"repeat","background-position":"center center","background-size":"auto","background-attachment":"scroll","background-type":"","background-media":"","overlay-type":"","overlay-color":"","overlay-opacity":"","overlay-gradient":""},"tablet":{"background-color":"var(--ast-global-color-5)","background-image":"","background-repeat":"repeat","background-position":"center center","background-size":"auto","background-attachment":"scroll","background-type":"","background-media":"","overlay-type":"","overlay-color":"","overlay-opacity":"","overlay-gradient":""},"mobile":{"background-color":"var(--ast-global-color-5)","background-image":"","background-repeat":"repeat","background-position":"center center","background-size":"auto","background-attachment":"scroll","background-type":"","background-media":"","overlay-type":"","overlay-color":"","overlay-opacity":"","overlay-gradient":""}}},"product_brand":[],"product_cat":[166,200,64,112,199],"product_tag":[],"class_list":{"0":"post-37475","1":"product","2":"type-product","3":"status-publish","4":"has-post-thumbnail","6":"product_cat-digital-audiokabel","7":"product_cat-ethernet-kabel","8":"product_cat-optimierungszubehoer","9":"product_cat-sonstiges-zubehoer","10":"product_cat-usb-kabel","11":"desktop-align-left","12":"tablet-align-left","13":"mobile-align-left","15":"first","16":"instock","17":"taxable","18":"shipping-taxable","19":"purchasable","20":"product-type-simple"},"_links":{"self":[{"href":"https:\/\/moonwires.com\/de\/wp-json\/wp\/v2\/product\/37475","targetHints":{"allow":["GET"]}}],"collection":[{"href":"https:\/\/moonwires.com\/de\/wp-json\/wp\/v2\/product"}],"about":[{"href":"https:\/\/moonwires.com\/de\/wp-json\/wp\/v2\/types\/product"}],"wp:featuredmedia":[{"embeddable":true,"href":"https:\/\/moonwires.com\/de\/wp-json\/wp\/v2\/media\/37482"}],"wp:attachment":[{"href":"https:\/\/moonwires.com\/de\/wp-json\/wp\/v2\/media?parent=37475"}],"wp:term":[{"taxonomy":"product_brand","embeddable":true,"href":"https:\/\/moonwires.com\/de\/wp-json\/wp\/v2\/product_brand?post=37475"},{"taxonomy":"product_cat","embeddable":true,"href":"https:\/\/moonwires.com\/de\/wp-json\/wp\/v2\/product_cat?post=37475"},{"taxonomy":"product_tag","embeddable":true,"href":"https:\/\/moonwires.com\/de\/wp-json\/wp\/v2\/product_tag?post=37475"}],"curies":[{"name":"wp","href":"https:\/\/api.w.org\/{rel}","templated":true}]}}