{"id":36036,"date":"2024-02-01T14:09:02","date_gmt":"2024-02-01T13:09:03","guid":{"rendered":"https:\/\/moonwires.com\/?post_type=product&#038;p=36036"},"modified":"2024-02-10T19:57:12","modified_gmt":"2024-02-10T18:57:12","slug":"hochwertiges-xlr-star-quad-kabel-alioth-copy-copy","status":"publish","type":"product","link":"https:\/\/moonwires.com\/de\/produit\/hochwertiges-xlr-star-quad-kabel-alioth-copy-copy\/","title":{"rendered":"C\u00e2ble XLR Columbia EVO2 KRYO"},"content":{"rendered":"<p>Kompromisslose Columbia XLR-Kabel<\/p>\n<p>Basierend auf unserem hochwertigen RCA-Kabel profitiert das Columbia XLR von 3 Leitern aus LowLoss-versilbertem Draht, die bew\u00e4hrte musikalische Leistung bieten. Mit einer doppelten Abschirmung und geringer D\u00e4mpfung zeichnet sich dieses Kabel durch klangliche Exzellenz aus.<\/p>\n<p>F\u00fcr unsere XLR-Kabel halten wir dieselben Qualit\u00e4tsstandards ein, die den Erfolg unserer mineralgeschirmten Kabel ausmachen. Durch die Verwendung von PTFE-Teflon-Dielektrika und hochwertigen Abschirmungen wie Mumetal gew\u00e4hrleisten sie eine kompromisslose Signal\u00fcbertragung.<\/p>\n<p>Zus\u00e4tzlich sorgt eine einzigartige mineralische Abschirmung mit Shungite-Pulver f\u00fcr zus\u00e4tzlichen Schutz der Leiter vor elektromagnetischen St\u00f6rungen. Die \u00e4u\u00dferen H\u00fcllen aus Basalt, einem vulkanischen Gestein, bieten erh\u00f6hte Langlebigkeit und Schutz.<\/p>\n","protected":false},"excerpt":{"rendered":"<p>SPEZIFIKATIONEN: HIGH-END COLUMBIA XLR KABEL EVO2 KRYO<\/p>\n<ul>\n<li>3 versilberte Feinkupfer-Leiter<\/li>\n<li>Abschirmung: zwei versilberte Kupfergeflechte<\/li>\n<li>Mineralische Abschirmung mit Shungitpulver<\/li>\n<li>Dielektrikum: Teflon PTFE<\/li>\n<li>Magnetostatische Abschirmung mit Mumetalfolie<\/li>\n<li>Au\u00dfenmantel aus Basalt<\/li>\n<li>Kryogenisch behandelt<\/li>\n<li>Hochwertige, rhodinierte Furutech-XLR-Stecker<\/li>\n<\/ul>\n","protected":false},"featured_media":36034,"template":"","meta":{"site-sidebar-layout":"default","site-content-layout":"default","ast-site-content-layout":"default","site-content-style":"default","site-sidebar-style":"default","ast-global-header-display":"","ast-banner-title-visibility":"","ast-main-header-display":"","ast-hfb-above-header-display":"","ast-hfb-below-header-display":"","ast-hfb-mobile-header-display":"","site-post-title":"","ast-breadcrumbs-content":"","ast-featured-img":"","footer-sml-layout":"","ast-disable-related-posts":"","theme-transparent-header-meta":"default","adv-header-id-meta":"","stick-header-meta":"","header-above-stick-meta":"","header-main-stick-meta":"","header-below-stick-meta":"","astra-migrate-meta-layouts":"set","ast-page-background-enabled":"default","ast-page-background-meta":{"desktop":{"background-color":"var(--ast-global-color-4)","background-image":"","background-repeat":"repeat","background-position":"center center","background-size":"auto","background-attachment":"scroll","background-type":"","background-media":"","overlay-type":"","overlay-color":"","overlay-opacity":"","overlay-gradient":""},"tablet":{"background-color":"","background-image":"","background-repeat":"repeat","background-position":"center center","background-size":"auto","background-attachment":"scroll","background-type":"","background-media":"","overlay-type":"","overlay-color":"","overlay-opacity":"","overlay-gradient":""},"mobile":{"background-color":"","background-image":"","background-repeat":"repeat","background-position":"center center","background-size":"auto","background-attachment":"scroll","background-type":"","background-media":"","overlay-type":"","overlay-color":"","overlay-opacity":"","overlay-gradient":""}},"ast-content-background-meta":{"desktop":{"background-color":"var(--ast-global-color-5)","background-image":"","background-repeat":"repeat","background-position":"center center","background-size":"auto","background-attachment":"scroll","background-type":"","background-media":"","overlay-type":"","overlay-color":"","overlay-opacity":"","overlay-gradient":""},"tablet":{"background-color":"var(--ast-global-color-5)","background-image":"","background-repeat":"repeat","background-position":"center center","background-size":"auto","background-attachment":"scroll","background-type":"","background-media":"","overlay-type":"","overlay-color":"","overlay-opacity":"","overlay-gradient":""},"mobile":{"background-color":"var(--ast-global-color-5)","background-image":"","background-repeat":"repeat","background-position":"center center","background-size":"auto","background-attachment":"scroll","background-type":"","background-media":"","overlay-type":"","overlay-color":"","overlay-opacity":"","overlay-gradient":""}}},"product_brand":[],"product_cat":[161],"product_tag":[],"class_list":{"0":"post-36036","1":"product","2":"type-product","3":"status-publish","4":"has-post-thumbnail","6":"product_cat-mineralgeschirmte-xlr-kabel","7":"desktop-align-left","8":"tablet-align-left","9":"mobile-align-left","11":"first","12":"instock","13":"taxable","14":"shipping-taxable","15":"product-type-simple"},"_links":{"self":[{"href":"https:\/\/moonwires.com\/de\/wp-json\/wp\/v2\/product\/36036","targetHints":{"allow":["GET"]}}],"collection":[{"href":"https:\/\/moonwires.com\/de\/wp-json\/wp\/v2\/product"}],"about":[{"href":"https:\/\/moonwires.com\/de\/wp-json\/wp\/v2\/types\/product"}],"wp:featuredmedia":[{"embeddable":true,"href":"https:\/\/moonwires.com\/de\/wp-json\/wp\/v2\/media\/36034"}],"wp:attachment":[{"href":"https:\/\/moonwires.com\/de\/wp-json\/wp\/v2\/media?parent=36036"}],"wp:term":[{"taxonomy":"product_brand","embeddable":true,"href":"https:\/\/moonwires.com\/de\/wp-json\/wp\/v2\/product_brand?post=36036"},{"taxonomy":"product_cat","embeddable":true,"href":"https:\/\/moonwires.com\/de\/wp-json\/wp\/v2\/product_cat?post=36036"},{"taxonomy":"product_tag","embeddable":true,"href":"https:\/\/moonwires.com\/de\/wp-json\/wp\/v2\/product_tag?post=36036"}],"curies":[{"name":"wp","href":"https:\/\/api.w.org\/{rel}","templated":true}]}}