{"id":33956,"date":"2022-04-01T20:10:16","date_gmt":"2022-04-01T18:10:17","guid":{"rendered":"https:\/\/moonwires.com\/?post_type=product&#038;p=33956"},"modified":"2024-09-14T22:34:44","modified_gmt":"2024-09-14T20:34:44","slug":"hochwertiges-110-ohm-aes-ebu-ultrapro-kabel-cursa","status":"publish","type":"product","link":"https:\/\/moonwires.com\/de\/produit\/hochwertiges-110-ohm-aes-ebu-ultrapro-kabel-cursa\/","title":{"rendered":"Hochwertiges 110 Ohm AES\/EBU UltraPro Kabel &#8211; Cursa"},"content":{"rendered":"<p>Professionelles AES\/EBU 110 ohm Audiokabel mit doppelter Abschirmung &#8222;Reussen&#8220;.<br \/>\nSymmetrisches XLR-Kabel mit einzigartiger Konstruktion 5-fach geschirmt!<br \/>\nJeder Leiter ist durch einen Deckschirm abgeschirmt, der die Kupferdr\u00e4hte zu 100% bedeckt (Reussen-Schirmung) plus einer leitf\u00e4higen Trennschicht (aluminiumbeschichtetes Polyester).<\/p>\n<p>Die Leiter sind verdrillt und werden durch eine weitere aluminiumbeschichtete Schicht in Position gehalten, gefolgt von der doppelten Abschirmung des Typs &#8222;Reussen&#8220;.<\/p>\n<p>F\u00fcr unsere XLR-Kabel verwenden wir die gleichen Rezepte, die auch unsere Stromkabel erfolgreich machen: Dielektrikum aus Teflon PTFE und hochwertige Abschirmungen aus Mumetall. Und nat\u00fcrlich verwenden wir eine mineralische Abschirmung mit Shungite-Pulver. Die Au\u00dfenm\u00e4ntel sind aus Basalt und Karbonfaser gefertigt.<\/p>\n<p>Dieses AES\/EBU-Kabel ist absolut kompromisslos, um eine maximale Abschirmung und Musikalit\u00e4t zu erreichen.<\/p>\n<p><strong>Was ist eine doppelte Reussen-Abschirmung?<\/strong><br \/>\nDer beste Weg, symmetrische Audiokabel gegen HF-St\u00f6rungen, Brummeinstreuungen und \u00dcbersprechen abzuschirmen, besteht darin, die Audioleiter mit zwei separaten, in entgegengesetzte Richtungen gewickelten Spiralschirmen zu umgeben, so dass die Lagen im 90-Grad-Winkel zueinander stehen. Das Wickeln der Abschirmungen in entgegengesetzte Richtungen reduziert induktive Effekte bei langen Kabelstrecken und verbessert die Flexibilit\u00e4t des Kabels.<\/p>\n<p><a href=\"https:\/\/moonwires.com\/wp-content\/uploads\/2022\/04\/SPEZIFIKATIONEN-CURSA-110-Ohm-AESEBU-DE.pdf\" target=\"_blank\" rel=\"noopener\"><img decoding=\"async\" class=\"alignnone wp-image-34150\" src=\"https:\/\/moonwires.com\/wp-content\/uploads\/2022\/04\/Specification-sheet-Moonwires-300x300.png\" alt=\"\" width=\"80\" height=\"80\" srcset=\"https:\/\/moonwires.com\/wp-content\/uploads\/2022\/04\/Specification-sheet-Moonwires-300x301.png 300w, https:\/\/moonwires.com\/wp-content\/uploads\/2022\/04\/Specification-sheet-Moonwires-150x150.png 150w, https:\/\/moonwires.com\/wp-content\/uploads\/2022\/04\/Specification-sheet-Moonwires-100x100.png 100w, https:\/\/moonwires.com\/wp-content\/uploads\/2022\/04\/Specification-sheet-Moonwires.png 498w\" sizes=\"(max-width: 80px) 100vw, 80px\" \/><\/a><\/p>\n","protected":false},"excerpt":{"rendered":"<p>SPEZIFIKATIONEN: CURSA 110 Ohm &#8211; AES\/EBU<\/p>\n<ul>\n<li>Leiter: blanke, verseilte LCOF-Kupferdr\u00e4hte 64 x 0,10 mm<\/li>\n<li>Isolierung: Zell-PE, \u00d8 2,00 mm<\/li>\n<li>Leiterabschirmung: Thermisch verklebter Polyester-Vliesstoff, beidseitig mit Aluminium beschichtet.<\/li>\n<li>Doppelte &#8222;Reussen&#8220;-Schirmung aus blanken Kupferdr\u00e4hten (0,10 mm)<\/li>\n<li>Schirmbedeckung: 100%.<\/li>\n<li>Mineralische Abschirmung: Shungit-Pulver<\/li>\n<li>Magnetostatische und magnetische Abschirmung: Mumetal-Folie<\/li>\n<li>Dielektrikum: Teflon PTFE<\/li>\n<li>Au\u00dfenmantel: Basalt- und Karbonfaser<\/li>\n<li>XLR-Steckverbinder: Furutech mit antimagnetischer Alpha \u03b1.-Behandlung.<\/li>\n<\/ul>\n","protected":false},"featured_media":33960,"template":"","meta":{"site-sidebar-layout":"default","site-content-layout":"default","ast-site-content-layout":"default","site-content-style":"default","site-sidebar-style":"default","ast-global-header-display":"","ast-banner-title-visibility":"","ast-main-header-display":"","ast-hfb-above-header-display":"","ast-hfb-below-header-display":"","ast-hfb-mobile-header-display":"","site-post-title":"","ast-breadcrumbs-content":"","ast-featured-img":"","footer-sml-layout":"","ast-disable-related-posts":"","theme-transparent-header-meta":"default","adv-header-id-meta":"","stick-header-meta":"","header-above-stick-meta":"","header-main-stick-meta":"","header-below-stick-meta":"","astra-migrate-meta-layouts":"set","ast-page-background-enabled":"default","ast-page-background-meta":{"desktop":{"background-color":"var(--ast-global-color-4)","background-image":"","background-repeat":"repeat","background-position":"center center","background-size":"auto","background-attachment":"scroll","background-type":"","background-media":"","overlay-type":"","overlay-color":"","overlay-opacity":"","overlay-gradient":""},"tablet":{"background-color":"","background-image":"","background-repeat":"repeat","background-position":"center center","background-size":"auto","background-attachment":"scroll","background-type":"","background-media":"","overlay-type":"","overlay-color":"","overlay-opacity":"","overlay-gradient":""},"mobile":{"background-color":"","background-image":"","background-repeat":"repeat","background-position":"center center","background-size":"auto","background-attachment":"scroll","background-type":"","background-media":"","overlay-type":"","overlay-color":"","overlay-opacity":"","overlay-gradient":""}},"ast-content-background-meta":{"desktop":{"background-color":"var(--ast-global-color-5)","background-image":"","background-repeat":"repeat","background-position":"center center","background-size":"auto","background-attachment":"scroll","background-type":"","background-media":"","overlay-type":"","overlay-color":"","overlay-opacity":"","overlay-gradient":""},"tablet":{"background-color":"var(--ast-global-color-5)","background-image":"","background-repeat":"repeat","background-position":"center center","background-size":"auto","background-attachment":"scroll","background-type":"","background-media":"","overlay-type":"","overlay-color":"","overlay-opacity":"","overlay-gradient":""},"mobile":{"background-color":"var(--ast-global-color-5)","background-image":"","background-repeat":"repeat","background-position":"center center","background-size":"auto","background-attachment":"scroll","background-type":"","background-media":"","overlay-type":"","overlay-color":"","overlay-opacity":"","overlay-gradient":""}}},"product_brand":[],"product_cat":[166,161,163],"product_tag":[],"class_list":{"0":"post-33956","1":"product","2":"type-product","3":"status-publish","4":"has-post-thumbnail","6":"product_cat-digital-audiokabel","7":"product_cat-mineralgeschirmte-xlr-kabel","8":"product_cat-mineralisch-abgeschirmtes-aes-ebu-kabel","9":"desktop-align-left","10":"tablet-align-left","11":"mobile-align-left","13":"first","14":"instock","15":"taxable","16":"shipping-taxable","17":"purchasable","18":"product-type-variable"},"_links":{"self":[{"href":"https:\/\/moonwires.com\/de\/wp-json\/wp\/v2\/product\/33956","targetHints":{"allow":["GET"]}}],"collection":[{"href":"https:\/\/moonwires.com\/de\/wp-json\/wp\/v2\/product"}],"about":[{"href":"https:\/\/moonwires.com\/de\/wp-json\/wp\/v2\/types\/product"}],"wp:featuredmedia":[{"embeddable":true,"href":"https:\/\/moonwires.com\/de\/wp-json\/wp\/v2\/media\/33960"}],"wp:attachment":[{"href":"https:\/\/moonwires.com\/de\/wp-json\/wp\/v2\/media?parent=33956"}],"wp:term":[{"taxonomy":"product_brand","embeddable":true,"href":"https:\/\/moonwires.com\/de\/wp-json\/wp\/v2\/product_brand?post=33956"},{"taxonomy":"product_cat","embeddable":true,"href":"https:\/\/moonwires.com\/de\/wp-json\/wp\/v2\/product_cat?post=33956"},{"taxonomy":"product_tag","embeddable":true,"href":"https:\/\/moonwires.com\/de\/wp-json\/wp\/v2\/product_tag?post=33956"}],"curies":[{"name":"wp","href":"https:\/\/api.w.org\/{rel}","templated":true}]}}