{"id":33366,"date":"2021-12-15T19:15:30","date_gmt":"2021-12-15T18:15:32","guid":{"rendered":"https:\/\/moonwires.com\/?post_type=product&#038;p=33366"},"modified":"2025-03-09T20:13:10","modified_gmt":"2025-03-09T19:13:10","slug":"stromfilter-flux-50-ncf-furutech","status":"publish","type":"product","link":"https:\/\/moonwires.com\/de\/produit\/stromfilter-flux-50-ncf-furutech\/","title":{"rendered":"Stromfilter flux-50 ncf furutech"},"content":{"rendered":"<p>Technisches Daten<\/p>\n<ul>\n<li>Filter AC-1501 (R) Rhodiniert \/ \u03b1-behandelt (Alpha).<\/li>\n<li>Leiter aus einer nichtmagnetischen Kupferlegierung.<\/li>\n<li>Der Filter AC-1501 (R) verf\u00fcgt \u00fcber eine Parallelschaltung mit Spule und Kondensator.<\/li>\n<li>Reduziert das Rauschen bei 1MHz (10dB) und 10MHz (+30dB).<\/li>\n<li>Abschirmung des Leiters behandelt \u03b1 (Alpha) gegen abgestrahlten L\u00e4rm.<\/li>\n<li>RoHS-zertifiziert \/ Weiche PVC-Ummantelung in<\/li>\n<li>Audioqualit\u00e4t verbessert die Schwingungsisolierung.<\/li>\n<li>Isolierung aus hochwertigem Polyethylen (PE).<\/li>\n<li>Strom \/ Spannung (AC): 115V-250V (15A) \/ 50-60Hz.<\/li>\n<li>Kabelspezifikationen: OCC-Leiter: 3 K\u00f6rper mit 7 Leitern von 0,127mm\u00b2, mit jeweils 62 \u03b1 (Alpha) behandelten Dr\u00e4hten.<\/li>\n<li>Innenmantel: Weiches PVC in Audioqualit\u00e4t mit Carbonpulver.<\/li>\n<li>Isolierung: Durchmesser \u00d8 5,2mm \/ PE-Isolierung in Audioqualit\u00e4t (Rot \/ Wei\u00df \/ Gr\u00fcn).<\/li>\n<li>Abschirmung: Durchmesser \u00d8 von 0,12mm mit \u03b1-Behandlung (Alpha).<\/li>\n<li>Mantel: Flexibles PVC (Purpurrot) \/ \u00d8 18mm Durchmesser.<\/li>\n<li>RoHS-zertifiziert Geh\u00e4use: Geflochtene Nylonf\u00e4den \/ Durchmesser \u00d8 18,8mm<\/li>\n<\/ul>\n","protected":false},"excerpt":{"rendered":"<p>Der Furutech flux-50 NCF ist eine Netzfiltereinheit, die das Signal der Komponente, an die sie angeschlossen wird, bereinigt.<br \/>Er kann an ein sehr gutes Netzkabel eines beliebigen anderen Herstellers angeschlossen werden.<br \/>Der Furutech Flux-50 NCF hat insbesondere die Wirkung, Verzerrungen durch Hintergrundger\u00e4usche zu beseitigen und vor Spannungseinbr\u00fcchen und -spitzen zu sch\u00fctzen.<\/p>\n<p>Das Ergebnis ist ein reinerer, klarerer und dichterer Klang, der sich beim H\u00f6ren bemerkbar macht.<br \/>F\u00fcr die Verbindung zwischen Netzkabeln und Wechselstromverteilern Beseitigt und verhindert abstrahlende Stromger\u00e4usche.<\/p>\n","protected":false},"featured_media":33370,"template":"","meta":{"site-sidebar-layout":"default","site-content-layout":"default","ast-site-content-layout":"default","site-content-style":"default","site-sidebar-style":"default","ast-global-header-display":"","ast-banner-title-visibility":"","ast-main-header-display":"","ast-hfb-above-header-display":"","ast-hfb-below-header-display":"","ast-hfb-mobile-header-display":"","site-post-title":"","ast-breadcrumbs-content":"","ast-featured-img":"","footer-sml-layout":"","ast-disable-related-posts":"","theme-transparent-header-meta":"default","adv-header-id-meta":"","stick-header-meta":"","header-above-stick-meta":"","header-main-stick-meta":"","header-below-stick-meta":"","astra-migrate-meta-layouts":"set","ast-page-background-enabled":"default","ast-page-background-meta":{"desktop":{"background-color":"var(--ast-global-color-4)","background-image":"","background-repeat":"repeat","background-position":"center center","background-size":"auto","background-attachment":"scroll","background-type":"","background-media":"","overlay-type":"","overlay-color":"","overlay-opacity":"","overlay-gradient":""},"tablet":{"background-color":"","background-image":"","background-repeat":"repeat","background-position":"center center","background-size":"auto","background-attachment":"scroll","background-type":"","background-media":"","overlay-type":"","overlay-color":"","overlay-opacity":"","overlay-gradient":""},"mobile":{"background-color":"","background-image":"","background-repeat":"repeat","background-position":"center center","background-size":"auto","background-attachment":"scroll","background-type":"","background-media":"","overlay-type":"","overlay-color":"","overlay-opacity":"","overlay-gradient":""}},"ast-content-background-meta":{"desktop":{"background-color":"var(--ast-global-color-5)","background-image":"","background-repeat":"repeat","background-position":"center center","background-size":"auto","background-attachment":"scroll","background-type":"","background-media":"","overlay-type":"","overlay-color":"","overlay-opacity":"","overlay-gradient":""},"tablet":{"background-color":"var(--ast-global-color-5)","background-image":"","background-repeat":"repeat","background-position":"center center","background-size":"auto","background-attachment":"scroll","background-type":"","background-media":"","overlay-type":"","overlay-color":"","overlay-opacity":"","overlay-gradient":""},"mobile":{"background-color":"var(--ast-global-color-5)","background-image":"","background-repeat":"repeat","background-position":"center center","background-size":"auto","background-attachment":"scroll","background-type":"","background-media":"","overlay-type":"","overlay-color":"","overlay-opacity":"","overlay-gradient":""}}},"product_brand":[],"product_cat":[64,112,153,66],"product_tag":[],"class_list":{"0":"post-33366","1":"product","2":"type-product","3":"status-publish","4":"has-post-thumbnail","6":"product_cat-optimierungszubehoer","7":"product_cat-sonstiges-zubehoer","8":"product_cat-stromfilter","9":"product_cat-stromverteiler","10":"desktop-align-left","11":"tablet-align-left","12":"mobile-align-left","14":"first","15":"instock","16":"taxable","17":"shipping-taxable","18":"purchasable","19":"product-type-simple"},"_links":{"self":[{"href":"https:\/\/moonwires.com\/de\/wp-json\/wp\/v2\/product\/33366","targetHints":{"allow":["GET"]}}],"collection":[{"href":"https:\/\/moonwires.com\/de\/wp-json\/wp\/v2\/product"}],"about":[{"href":"https:\/\/moonwires.com\/de\/wp-json\/wp\/v2\/types\/product"}],"wp:featuredmedia":[{"embeddable":true,"href":"https:\/\/moonwires.com\/de\/wp-json\/wp\/v2\/media\/33370"}],"wp:attachment":[{"href":"https:\/\/moonwires.com\/de\/wp-json\/wp\/v2\/media?parent=33366"}],"wp:term":[{"taxonomy":"product_brand","embeddable":true,"href":"https:\/\/moonwires.com\/de\/wp-json\/wp\/v2\/product_brand?post=33366"},{"taxonomy":"product_cat","embeddable":true,"href":"https:\/\/moonwires.com\/de\/wp-json\/wp\/v2\/product_cat?post=33366"},{"taxonomy":"product_tag","embeddable":true,"href":"https:\/\/moonwires.com\/de\/wp-json\/wp\/v2\/product_tag?post=33366"}],"curies":[{"name":"wp","href":"https:\/\/api.w.org\/{rel}","templated":true}]}}