{"id":31853,"date":"2021-08-27T20:58:02","date_gmt":"2021-08-27T18:58:03","guid":{"rendered":"https:\/\/moonwires.com\/?post_type=product&#038;p=31853"},"modified":"2024-09-14T20:32:57","modified_gmt":"2024-09-14T18:32:57","slug":"satz-mit-3-entkopplungsringen-fur-centaurus-stromkabel","status":"publish","type":"product","link":"https:\/\/moonwires.com\/de\/produit\/satz-mit-3-entkopplungsringen-fur-centaurus-stromkabel\/","title":{"rendered":"Satz mit 4 Entkopplungsringen f\u00fcr Centaurus-Stromkabel und Antares-Lautsprecherkabel"},"content":{"rendered":"","protected":false},"excerpt":{"rendered":"<p>Diese Entkopplungsringe sind f\u00fcr unsere Centaurus Netzkabel oder als zus\u00e4tzliche Ringe f\u00fcr unser Antares Lautsprecherkabel gedacht. Erm\u00f6glicht eine perfekte Isolierung und Entkopplung vom Boden. Satz von 4 Entkopplungsringen inklusive Schrauben und Inbusschl\u00fcssel.<\/p>\n<p>SPEZIFIKATIONEN<\/p>\n<ul>\n<li>Nylon PA 12 (3D-gedruckt &#8211; MJF &#8211; 80\u03bcm)<\/li>\n<li>Farbe: schwarz gef\u00e4rbt<\/li>\n<li>\u00c4u\u00dferer Durchmesser: 60 mm<\/li>\n<li>Innendurchmesser: 26 mm<\/li>\n<li>Dicke: 10mm<\/li>\n<\/ul>\n<div id=\"gtx-trans\" style=\"position: absolute; left: -29px; top: 350.594px;\">\n<div class=\"gtx-trans-icon\"><\/div>\n<\/div>\n","protected":false},"featured_media":31866,"template":"","meta":{"site-sidebar-layout":"default","site-content-layout":"default","ast-site-content-layout":"default","site-content-style":"default","site-sidebar-style":"default","ast-global-header-display":"","ast-banner-title-visibility":"","ast-main-header-display":"","ast-hfb-above-header-display":"","ast-hfb-below-header-display":"","ast-hfb-mobile-header-display":"","site-post-title":"","ast-breadcrumbs-content":"","ast-featured-img":"","footer-sml-layout":"","ast-disable-related-posts":"","theme-transparent-header-meta":"default","adv-header-id-meta":"","stick-header-meta":"","header-above-stick-meta":"","header-main-stick-meta":"","header-below-stick-meta":"","astra-migrate-meta-layouts":"set","ast-page-background-enabled":"default","ast-page-background-meta":{"desktop":{"background-color":"var(--ast-global-color-4)","background-image":"","background-repeat":"repeat","background-position":"center center","background-size":"auto","background-attachment":"scroll","background-type":"","background-media":"","overlay-type":"","overlay-color":"","overlay-opacity":"","overlay-gradient":""},"tablet":{"background-color":"","background-image":"","background-repeat":"repeat","background-position":"center center","background-size":"auto","background-attachment":"scroll","background-type":"","background-media":"","overlay-type":"","overlay-color":"","overlay-opacity":"","overlay-gradient":""},"mobile":{"background-color":"","background-image":"","background-repeat":"repeat","background-position":"center center","background-size":"auto","background-attachment":"scroll","background-type":"","background-media":"","overlay-type":"","overlay-color":"","overlay-opacity":"","overlay-gradient":""}},"ast-content-background-meta":{"desktop":{"background-color":"var(--ast-global-color-5)","background-image":"","background-repeat":"repeat","background-position":"center center","background-size":"auto","background-attachment":"scroll","background-type":"","background-media":"","overlay-type":"","overlay-color":"","overlay-opacity":"","overlay-gradient":""},"tablet":{"background-color":"var(--ast-global-color-5)","background-image":"","background-repeat":"repeat","background-position":"center center","background-size":"auto","background-attachment":"scroll","background-type":"","background-media":"","overlay-type":"","overlay-color":"","overlay-opacity":"","overlay-gradient":""},"mobile":{"background-color":"var(--ast-global-color-5)","background-image":"","background-repeat":"repeat","background-position":"center center","background-size":"auto","background-attachment":"scroll","background-type":"","background-media":"","overlay-type":"","overlay-color":"","overlay-opacity":"","overlay-gradient":""}}},"product_brand":[],"product_cat":[112],"product_tag":[],"class_list":{"0":"post-31853","1":"product","2":"type-product","3":"status-publish","4":"has-post-thumbnail","6":"product_cat-sonstiges-zubehoer","7":"desktop-align-left","8":"tablet-align-left","9":"mobile-align-left","11":"first","12":"instock","13":"taxable","14":"shipping-taxable","15":"purchasable","16":"product-type-simple"},"_links":{"self":[{"href":"https:\/\/moonwires.com\/de\/wp-json\/wp\/v2\/product\/31853","targetHints":{"allow":["GET"]}}],"collection":[{"href":"https:\/\/moonwires.com\/de\/wp-json\/wp\/v2\/product"}],"about":[{"href":"https:\/\/moonwires.com\/de\/wp-json\/wp\/v2\/types\/product"}],"wp:featuredmedia":[{"embeddable":true,"href":"https:\/\/moonwires.com\/de\/wp-json\/wp\/v2\/media\/31866"}],"wp:attachment":[{"href":"https:\/\/moonwires.com\/de\/wp-json\/wp\/v2\/media?parent=31853"}],"wp:term":[{"taxonomy":"product_brand","embeddable":true,"href":"https:\/\/moonwires.com\/de\/wp-json\/wp\/v2\/product_brand?post=31853"},{"taxonomy":"product_cat","embeddable":true,"href":"https:\/\/moonwires.com\/de\/wp-json\/wp\/v2\/product_cat?post=31853"},{"taxonomy":"product_tag","embeddable":true,"href":"https:\/\/moonwires.com\/de\/wp-json\/wp\/v2\/product_tag?post=31853"}],"curies":[{"name":"wp","href":"https:\/\/api.w.org\/{rel}","templated":true}]}}