{"id":31824,"date":"2021-08-27T19:44:56","date_gmt":"2021-08-27T17:44:57","guid":{"rendered":"https:\/\/moonwires.com\/?post_type=product&#038;p=31824"},"modified":"2024-09-14T20:45:12","modified_gmt":"2024-09-14T18:45:12","slug":"high-end-audio-leistungsverteiler-ps-2g","status":"publish","type":"product","link":"https:\/\/moonwires.com\/de\/produit\/high-end-audio-leistungsverteiler-ps-2g\/","title":{"rendered":"High-End Audio Leistungsverteiler PS-2G"},"content":{"rendered":"<p>Warum sollte man sich f\u00fcr diesen Verteiler entscheiden?<\/p>\n<p>Dieser Stromverteiler strebt nach einer effizienten Stromverteilung ohne Kompromisse. Wir haben uns f\u00fcr Innovation entschieden und eine Abschirmung aus Shungitpulver eingebaut, das f\u00fcr seine F\u00e4higkeit bekannt ist, elektromagnetische Interferenzen (HFEM) zu absorbieren und zu neutralisieren, und so einen optimalen Schutz vor \u00e4u\u00dferen St\u00f6rungen gew\u00e4hrleistet.<\/p>\n<p>Jeder Leiter mit einem Querschnitt von 3 mm2 ist mit Shungitpulver beschichtet und verwendet Teflon PTFE als Dielektrikum f\u00fcr eine maximale Isolierung. Die Verst\u00e4rkung des Geh\u00e4uses mit einer Abschirmung aus Mumetal verbessert seine Schutzeigenschaften zus\u00e4tzlich.<\/p>\n<p>Dar\u00fcber hinaus enth\u00e4lt dieser Stromverteiler hochwertige elektrische Grundplatten der Marke Furutech.<\/p>\n<p><a href=\"https:\/\/moonwires.com\/wp-content\/uploads\/2022\/04\/HOCHWERTIGER-STROM-VERTEILER-PS-2G-DE.pdf\" target=\"_blank\" rel=\"noopener\"><img decoding=\"async\" class=\"alignnone wp-image-34150\" src=\"https:\/\/moonwires.com\/wp-content\/uploads\/2022\/04\/Specification-sheet-Moonwires-300x300.png\" alt=\"\" width=\"80\" height=\"80\" srcset=\"https:\/\/moonwires.com\/wp-content\/uploads\/2022\/04\/Specification-sheet-Moonwires-300x301.png 300w, https:\/\/moonwires.com\/wp-content\/uploads\/2022\/04\/Specification-sheet-Moonwires-150x150.png 150w, https:\/\/moonwires.com\/wp-content\/uploads\/2022\/04\/Specification-sheet-Moonwires-100x100.png 100w, https:\/\/moonwires.com\/wp-content\/uploads\/2022\/04\/Specification-sheet-Moonwires.png 498w\" sizes=\"(max-width: 80px) 100vw, 80px\" \/><\/a><\/p>\n","protected":false},"excerpt":{"rendered":"<p>SPEZIFIKATIONEN<\/p>\n<ul>\n<li>Schwarzes Aluminiumgeh\u00e4use<\/li>\n<li>Geh\u00e4useabschirmung aus Mumetall<\/li>\n<li>Schuko-Steckdose 24k vergoldet (Alpha) Furutech<\/li>\n<li>FI-09 (G) IEC-Flansch Reinkupfer vergoldet Furutech<\/li>\n<li>3mm2 Leiterquerschnitt (2&#215;1.5mm2 verdrillt)<\/li>\n<li>Shungit-Pulverbeschichtung<\/li>\n<li>Teflon-Isolierung<\/li>\n<li>Basalt-Mantel<\/li>\n<li>Interne Sternverbindung<\/li>\n<li>Abmessungen 340 x 123 x 75 (L x B x H)<\/li>\n<li>Aluminium-D\u00e4mpfungsfu\u00df 44x17mm<\/li>\n<li><strong>Optional<\/strong>: Interne Erdung mit externem Erdungsstecker<\/li>\n<\/ul>\n","protected":false},"featured_media":31792,"template":"","meta":{"site-sidebar-layout":"default","site-content-layout":"default","ast-site-content-layout":"default","site-content-style":"default","site-sidebar-style":"default","ast-global-header-display":"","ast-banner-title-visibility":"","ast-main-header-display":"","ast-hfb-above-header-display":"","ast-hfb-below-header-display":"","ast-hfb-mobile-header-display":"","site-post-title":"","ast-breadcrumbs-content":"","ast-featured-img":"","footer-sml-layout":"","ast-disable-related-posts":"","theme-transparent-header-meta":"default","adv-header-id-meta":"","stick-header-meta":"","header-above-stick-meta":"","header-main-stick-meta":"","header-below-stick-meta":"","astra-migrate-meta-layouts":"set","ast-page-background-enabled":"default","ast-page-background-meta":{"desktop":{"background-color":"var(--ast-global-color-4)","background-image":"","background-repeat":"repeat","background-position":"center center","background-size":"auto","background-attachment":"scroll","background-type":"","background-media":"","overlay-type":"","overlay-color":"","overlay-opacity":"","overlay-gradient":""},"tablet":{"background-color":"","background-image":"","background-repeat":"repeat","background-position":"center center","background-size":"auto","background-attachment":"scroll","background-type":"","background-media":"","overlay-type":"","overlay-color":"","overlay-opacity":"","overlay-gradient":""},"mobile":{"background-color":"","background-image":"","background-repeat":"repeat","background-position":"center center","background-size":"auto","background-attachment":"scroll","background-type":"","background-media":"","overlay-type":"","overlay-color":"","overlay-opacity":"","overlay-gradient":""}},"ast-content-background-meta":{"desktop":{"background-color":"var(--ast-global-color-5)","background-image":"","background-repeat":"repeat","background-position":"center center","background-size":"auto","background-attachment":"scroll","background-type":"","background-media":"","overlay-type":"","overlay-color":"","overlay-opacity":"","overlay-gradient":""},"tablet":{"background-color":"var(--ast-global-color-5)","background-image":"","background-repeat":"repeat","background-position":"center center","background-size":"auto","background-attachment":"scroll","background-type":"","background-media":"","overlay-type":"","overlay-color":"","overlay-opacity":"","overlay-gradient":""},"mobile":{"background-color":"var(--ast-global-color-5)","background-image":"","background-repeat":"repeat","background-position":"center center","background-size":"auto","background-attachment":"scroll","background-type":"","background-media":"","overlay-type":"","overlay-color":"","overlay-opacity":"","overlay-gradient":""}}},"product_brand":[],"product_cat":[66],"product_tag":[],"class_list":{"0":"post-31824","1":"product","2":"type-product","3":"status-publish","4":"has-post-thumbnail","6":"product_cat-stromverteiler","7":"desktop-align-left","8":"tablet-align-left","9":"mobile-align-left","11":"first","12":"instock","13":"taxable","14":"shipping-taxable","15":"purchasable","16":"product-type-variable"},"_links":{"self":[{"href":"https:\/\/moonwires.com\/de\/wp-json\/wp\/v2\/product\/31824","targetHints":{"allow":["GET"]}}],"collection":[{"href":"https:\/\/moonwires.com\/de\/wp-json\/wp\/v2\/product"}],"about":[{"href":"https:\/\/moonwires.com\/de\/wp-json\/wp\/v2\/types\/product"}],"wp:featuredmedia":[{"embeddable":true,"href":"https:\/\/moonwires.com\/de\/wp-json\/wp\/v2\/media\/31792"}],"wp:attachment":[{"href":"https:\/\/moonwires.com\/de\/wp-json\/wp\/v2\/media?parent=31824"}],"wp:term":[{"taxonomy":"product_brand","embeddable":true,"href":"https:\/\/moonwires.com\/de\/wp-json\/wp\/v2\/product_brand?post=31824"},{"taxonomy":"product_cat","embeddable":true,"href":"https:\/\/moonwires.com\/de\/wp-json\/wp\/v2\/product_cat?post=31824"},{"taxonomy":"product_tag","embeddable":true,"href":"https:\/\/moonwires.com\/de\/wp-json\/wp\/v2\/product_tag?post=31824"}],"curies":[{"name":"wp","href":"https:\/\/api.w.org\/{rel}","templated":true}]}}