{"id":30883,"date":"2021-08-24T15:14:20","date_gmt":"2021-08-24T13:14:21","guid":{"rendered":"https:\/\/moonwires.com\/?post_type=product&#038;p=30883"},"modified":"2024-09-14T20:48:04","modified_gmt":"2024-09-14T18:48:04","slug":"mineralische-abschirmung-mumetal-75-ohm-kabel-spika","status":"publish","type":"product","link":"https:\/\/moonwires.com\/de\/produit\/mineralische-abschirmung-mumetal-75-ohm-kabel-spika\/","title":{"rendered":"Mineralische Abschirmung &#038; Mumetal SPDIF 75 Ohm Digital Kabel Spika"},"content":{"rendered":"<p>Pour notre c\u00e2ble SPDIF 75 ohm, nous utilisons comme di\u00e9lectrique le Teflon PTFE et un blindage de qualit\u00e9 en Mum\u00e9tal. La gaine ext\u00e9rieure est en basalte, un min\u00e9ral volcanique dont les propri\u00e9t\u00e9s peuvent potentiellement r\u00e9duire les effets de la tribo\u00e9lectricit\u00e9 par rapport aux mat\u00e9riaux synth\u00e9tiques, conduisant \u00e0 moins de bruit statique induit dans le signal audio.<\/p>\n<p>Et bien s\u00fbr, nous appliquons un blindage min\u00e9ral avec de la poudre de Shungite, un min\u00e9ral reconnu pour sa capacit\u00e9 \u00e0 absorber et neutraliser les hautes fr\u00e9quences \u00e9lectromagn\u00e9tiques, r\u00e9duisant ainsi les interf\u00e9rences et am\u00e9liorant la clart\u00e9 du son. Ses propri\u00e9t\u00e9s conductrices contribuent \u00e9galement \u00e0 la dissipation de l&#8217;\u00e9lectricit\u00e9 statique, limitant les bruits ind\u00e9sirables.<\/p>\n<p><a href=\"https:\/\/moonwires.com\/wp-content\/uploads\/2022\/04\/hochwertiges-75-ohm-digital-Audio-Kabel-SPIKA-DE.pdf\" target=\"_blank\" rel=\"noopener\"><img decoding=\"async\" class=\"alignnone wp-image-34150\" src=\"https:\/\/moonwires.com\/wp-content\/uploads\/2022\/04\/Specification-sheet-Moonwires-300x300.png\" alt=\"\" width=\"80\" height=\"80\" srcset=\"https:\/\/moonwires.com\/wp-content\/uploads\/2022\/04\/Specification-sheet-Moonwires-300x301.png 300w, https:\/\/moonwires.com\/wp-content\/uploads\/2022\/04\/Specification-sheet-Moonwires-150x150.png 150w, https:\/\/moonwires.com\/wp-content\/uploads\/2022\/04\/Specification-sheet-Moonwires-100x100.png 100w, https:\/\/moonwires.com\/wp-content\/uploads\/2022\/04\/Specification-sheet-Moonwires.png 498w\" sizes=\"(max-width: 80px) 100vw, 80px\" \/><\/a><\/p>\n","protected":false},"excerpt":{"rendered":"<p>SPEZIFIKATIONEN<\/p>\n<ul>\n<li>1,13 mm massiver Kupferinnenleiter<\/li>\n<li>Dielektrisch gesch\u00e4umte Polyethylen (PE)-Zelle<br \/>\n&#8211; \u00d8 4,8 mm<\/li>\n<li>Au\u00dfenleiter 1 Aluminium \/pet-Folie<\/li>\n<li>Au\u00dfenleiter 2 Aluminium \/pet-Folie<\/li>\n<li>Abschirmung Bronze-Geflecht<\/li>\n<li>Magnetostatische und magnetische Abschirmung: Mumetal-folie<\/li>\n<li>Abschirmung Mumetal Folie<\/li>\n<li>Teflon PTFE<\/li>\n<li>Au\u00dfenmantel aus Basalt<\/li>\n<li>Silber L\u00f6ten 10%<\/li>\n<li>Neutrik NF2CB2 RCA-Stecker<\/li>\n<\/ul>\n","protected":false},"featured_media":30911,"template":"","meta":{"site-sidebar-layout":"default","site-content-layout":"default","ast-site-content-layout":"default","site-content-style":"default","site-sidebar-style":"default","ast-global-header-display":"","ast-banner-title-visibility":"","ast-main-header-display":"","ast-hfb-above-header-display":"","ast-hfb-below-header-display":"","ast-hfb-mobile-header-display":"","site-post-title":"","ast-breadcrumbs-content":"","ast-featured-img":"","footer-sml-layout":"","ast-disable-related-posts":"","theme-transparent-header-meta":"default","adv-header-id-meta":"","stick-header-meta":"","header-above-stick-meta":"","header-main-stick-meta":"","header-below-stick-meta":"","astra-migrate-meta-layouts":"set","ast-page-background-enabled":"default","ast-page-background-meta":{"desktop":{"background-color":"var(--ast-global-color-4)","background-image":"","background-repeat":"repeat","background-position":"center center","background-size":"auto","background-attachment":"scroll","background-type":"","background-media":"","overlay-type":"","overlay-color":"","overlay-opacity":"","overlay-gradient":""},"tablet":{"background-color":"","background-image":"","background-repeat":"repeat","background-position":"center center","background-size":"auto","background-attachment":"scroll","background-type":"","background-media":"","overlay-type":"","overlay-color":"","overlay-opacity":"","overlay-gradient":""},"mobile":{"background-color":"","background-image":"","background-repeat":"repeat","background-position":"center center","background-size":"auto","background-attachment":"scroll","background-type":"","background-media":"","overlay-type":"","overlay-color":"","overlay-opacity":"","overlay-gradient":""}},"ast-content-background-meta":{"desktop":{"background-color":"var(--ast-global-color-5)","background-image":"","background-repeat":"repeat","background-position":"center center","background-size":"auto","background-attachment":"scroll","background-type":"","background-media":"","overlay-type":"","overlay-color":"","overlay-opacity":"","overlay-gradient":""},"tablet":{"background-color":"var(--ast-global-color-5)","background-image":"","background-repeat":"repeat","background-position":"center center","background-size":"auto","background-attachment":"scroll","background-type":"","background-media":"","overlay-type":"","overlay-color":"","overlay-opacity":"","overlay-gradient":""},"mobile":{"background-color":"var(--ast-global-color-5)","background-image":"","background-repeat":"repeat","background-position":"center center","background-size":"auto","background-attachment":"scroll","background-type":"","background-media":"","overlay-type":"","overlay-color":"","overlay-opacity":"","overlay-gradient":""}}},"product_brand":[],"product_cat":[106,166,61],"product_tag":[],"class_list":{"0":"post-30883","1":"product","2":"type-product","3":"status-publish","4":"has-post-thumbnail","6":"product_cat-75-ohm-digitalkabel","7":"product_cat-digital-audiokabel","8":"product_cat-mineralgeschirmte-cinch-kabel","9":"desktop-align-left","10":"tablet-align-left","11":"mobile-align-left","13":"first","14":"instock","15":"taxable","16":"shipping-taxable","17":"purchasable","18":"product-type-variable","19":"has-default-attributes"},"_links":{"self":[{"href":"https:\/\/moonwires.com\/de\/wp-json\/wp\/v2\/product\/30883","targetHints":{"allow":["GET"]}}],"collection":[{"href":"https:\/\/moonwires.com\/de\/wp-json\/wp\/v2\/product"}],"about":[{"href":"https:\/\/moonwires.com\/de\/wp-json\/wp\/v2\/types\/product"}],"wp:featuredmedia":[{"embeddable":true,"href":"https:\/\/moonwires.com\/de\/wp-json\/wp\/v2\/media\/30911"}],"wp:attachment":[{"href":"https:\/\/moonwires.com\/de\/wp-json\/wp\/v2\/media?parent=30883"}],"wp:term":[{"taxonomy":"product_brand","embeddable":true,"href":"https:\/\/moonwires.com\/de\/wp-json\/wp\/v2\/product_brand?post=30883"},{"taxonomy":"product_cat","embeddable":true,"href":"https:\/\/moonwires.com\/de\/wp-json\/wp\/v2\/product_cat?post=30883"},{"taxonomy":"product_tag","embeddable":true,"href":"https:\/\/moonwires.com\/de\/wp-json\/wp\/v2\/product_tag?post=30883"}],"curies":[{"name":"wp","href":"https:\/\/api.w.org\/{rel}","templated":true}]}}